{"id":141,"date":"2014-12-16T15:45:07","date_gmt":"2014-12-16T13:45:07","guid":{"rendered":"http:\/\/roekoprax.net\/roekotech\/?page_id=141"},"modified":"2016-02-08T16:42:23","modified_gmt":"2016-02-08T14:42:23","slug":"systempartner","status":"publish","type":"page","link":"https:\/\/roekoprax.net\/roekotech\/systempartner","title":{"rendered":"Systempartner"},"content":{"rendered":"<div class='content-column volle_breite'><ul>\n<li><a title=\"Erfahren Sie mehr \u00fcber Konica Minolta Medical\" href=\"https:\/\/www.konicaminolta.de\/de\/healthcare\/home.html\" target=\"_blank\"><img loading=\"lazy\" decoding=\"async\" class=\"\" src=\"http:\/\/roekoprax.net\/roekotech\/wp-content\/uploads\/konica-logo.jpg\" alt=\"konica-logo\" width=\"266\" height=\"48\" \/><br \/><strong>Konica Minolta Medical<\/strong><\/a><br \/>DR-, CR-Systeme, Drucker, R\u00f6ntgenanlagen<\/li>\n<li><a title=\"Erfahren Sie mehr \u00fcber MMS Medicor Medical Supplies\" href=\"http:\/\/www.medicor.de\/\" target=\"_blank\"><img loading=\"lazy\" decoding=\"async\" class=\"\" src=\"http:\/\/roekoprax.net\/roekotech\/wp-content\/uploads\/medicor-logo.jpg\" alt=\"medicor-logo\" width=\"158\" height=\"48\" \/><br \/><strong>MMS Medicor Medical Supplies<\/strong><\/a><br \/>Mammographieger\u00e4te, Injektoren und Zubeh\u00f6r<\/li>\n<li><a title=\"Erfahren Sie mehr \u00fcber Spellman High Voltage Electronics GmbH\" href=\"http:\/\/www.roentgenwerk.de\/\" target=\"_blank\"><img loading=\"lazy\" decoding=\"async\" class=\"\" src=\"http:\/\/roekoprax.net\/roekotech\/wp-content\/uploads\/spellman-logo.jpg\" alt=\"spellman-logo\" width=\"150\" height=\"48\" \/><br \/><strong>Spellman High Voltage Electronics GmbH<\/strong><\/a><br \/>R\u00f6ntgenanlagen<\/li>\n<li><a title=\"Erfahren Sie mehr \u00fcber Digital Medics GmbH\" href=\"http:\/\/www.digitalmedics.de\/\" target=\"_blank\"><img loading=\"lazy\" decoding=\"async\" class=\"\" src=\"http:\/\/roekoprax.net\/roekotech\/wp-content\/uploads\/digital-medics-logo.jpg\" alt=\"digital-medics-logo\" width=\"201\" height=\"48\" \/><br \/><strong>Digital Medics GmbH<\/strong><\/a><br \/>PACS<\/li>\n<li><a title=\"Erfahren Sie mehr \u00fcber Pehamed GmbH\" href=\"http:\/\/www.pehamed.de\/\" target=\"_blank\"><img loading=\"lazy\" decoding=\"async\" class=\"\" src=\"http:\/\/roekoprax.net\/roekotech\/wp-content\/uploads\/pehamed-logo.jpg\" alt=\"pehamed-logo\" width=\"200\" height=\"48\" \/><br \/><strong>Pehamed GmbH<\/strong><\/a><br \/>Qualit\u00e4tssicherung, Messmittel, Pr\u00fcfk\u00f6rper<\/li>\n<li><a title=\"Erfahren Sie mehr \u00fcber Dextratec\" href=\"http:\/\/www.dextratec.com\/\" target=\"_blank\"><img loading=\"lazy\" decoding=\"async\" class=\"\" src=\"http:\/\/roekoprax.net\/roekotech\/wp-content\/uploads\/dexatrec-logo.jpg\" alt=\"dexatrec-logo\" width=\"120\" height=\"48\" \/><br \/><strong>Dextratec GmbH<\/strong><\/a><br \/>EDV-Technik, RIS und PACS-L\u00f6sungen, Spracherkennung<\/li>\n<li><a title=\"Erfahren Sie mehr \u00fcber PENTA-Service\" href=\"http:\/\/www.pentaservices.de\/\" target=\"_blank\"><img loading=\"lazy\" decoding=\"async\" class=\"\" src=\"http:\/\/roekoprax.net\/roekotech\/wp-content\/uploads\/penta-logo.jpg\" alt=\"penta-logo\" width=\"265\" height=\"48\" \/><br \/><strong>PENTA-Service GmbH &amp; Co. KG<\/strong><\/a><br \/>RIS-System<\/li>\n<li><a title=\"Erfahren Sie mehr \u00fcber Medizintechnik Jendreyko\" href=\"http:\/\/www.mtjendreyko.de\/\" target=\"_blank\"><img loading=\"lazy\" decoding=\"async\" class=\"\" src=\"http:\/\/roekoprax.net\/roekotech\/wp-content\/uploads\/jendreyko-logo.jpg\" alt=\"jendreyko-logo\" width=\"150\" height=\"48\" \/><br \/><strong>Medizintechnik Jendreyko (Mitglied im Sonoring)<\/strong><\/a><br \/>Ultraschallger\u00e4te<\/li>\n<li><strong>Sowie viele weitere wie:<\/strong><br \/>Ulrich GmbH, Medrad GmbH, Agfa GmbH, Carestream GmbH \u2026..<\/li>\n<\/ul><\/div>\n","protected":false},"excerpt":{"rendered":"","protected":false},"author":3,"featured_media":0,"parent":0,"menu_order":5,"comment_status":"closed","ping_status":"closed","template":"","meta":{"footnotes":""},"class_list":["post-141","page","type-page","status-publish","hentry"],"_links":{"self":[{"href":"https:\/\/roekoprax.net\/roekotech\/wp-json\/wp\/v2\/pages\/141","targetHints":{"allow":["GET"]}}],"collection":[{"href":"https:\/\/roekoprax.net\/roekotech\/wp-json\/wp\/v2\/pages"}],"about":[{"href":"https:\/\/roekoprax.net\/roekotech\/wp-json\/wp\/v2\/types\/page"}],"author":[{"embeddable":true,"href":"https:\/\/roekoprax.net\/roekotech\/wp-json\/wp\/v2\/users\/3"}],"replies":[{"embeddable":true,"href":"https:\/\/roekoprax.net\/roekotech\/wp-json\/wp\/v2\/comments?post=141"}],"version-history":[{"count":27,"href":"https:\/\/roekoprax.net\/roekotech\/wp-json\/wp\/v2\/pages\/141\/revisions"}],"predecessor-version":[{"id":296,"href":"https:\/\/roekoprax.net\/roekotech\/wp-json\/wp\/v2\/pages\/141\/revisions\/296"}],"wp:attachment":[{"href":"https:\/\/roekoprax.net\/roekotech\/wp-json\/wp\/v2\/media?parent=141"}],"curies":[{"name":"wp","href":"https:\/\/api.w.org\/{rel}","templated":true}]}}