{"id":134,"date":"2014-12-16T15:43:11","date_gmt":"2014-12-16T13:43:11","guid":{"rendered":"http:\/\/roekoprax.net\/roekotech\/?page_id=134"},"modified":"2016-02-08T16:36:45","modified_gmt":"2016-02-08T14:36:45","slug":"leistungsspektrum","status":"publish","type":"page","link":"https:\/\/roekoprax.net\/roekotech\/leistungsspektrum","title":{"rendered":"Leistungsspektrum"},"content":{"rendered":"<div class='content-column volle_breite'><p><img loading=\"lazy\" decoding=\"async\" src=\"http:\/\/roekoprax.net\/roekotech\/wp-content\/uploads\/3.jpg\" alt=\"3\" width=\"326\" height=\"150\" class=\"alignright size-full wp-image-290\" srcset=\"https:\/\/roekoprax.net\/roekotech\/wp-content\/uploads\/3.jpg 326w, https:\/\/roekoprax.net\/roekotech\/wp-content\/uploads\/3-150x69.jpg 150w\" sizes=\"auto, (max-width: 326px) 100vw, 326px\" \/><\/p>\n<ul>\n<li><strong>R\u00f6ntgentechnik<\/strong><br \/>R\u00f6ntgenanlagen, Generatoren, R\u00f6ntgenr\u00f6hren<\/li>\n<li><strong>Aufnahmetechnik<\/strong><br \/>DR-, CR-Systeme, Bildaquise<\/li>\n<li><strong>Befundung und Archivierung<\/strong><br \/>Workstation, Monitore, Drucker, Brennroboter<br \/>PACS-Systeme verschiedener Hersteller<\/li>\n<li><strong>Praxismanagment<\/strong><br \/>RIS-Systeme, Spracherkennung, Diktatsoftware<\/li>\n<li><strong>Kontrastmittelinjektoren<\/strong><br \/>CT- MR-, Angioinjektoren verschiedener Hersteller<\/li>\n<li><strong>Praxisausstattung<\/strong><br \/>Liegen (auch MRT-tauglich) W\u00e4rmeschr\u00e4nke usw.<\/li>\n<li><strong>Beratung bei Ger\u00e4teanschaffung<\/strong><br \/>Hersteller unabh\u00e4ngig bei CT und MR Auswahl<\/li>\n<li><strong>Projektplanung, Baubetreuung<\/strong><br \/>Regional mit festen Partner im Bereich Elektro-, Netzwerkinstallation und Klimatechnik<\/li>\n<li><strong>Installation und Wartung<\/strong><br \/>R\u00f6ntgenanlagen, Injektoren, usw.<\/li>\n<li><strong>Weitere Dienstleistungen<\/strong><br \/>Sicherheitstechnische Pr\u00fcfungen, Abnahmepr\u00fcfungen, Konstanzpr\u00fcfungen, Strahlenschutzberechnungen, Umz\u00fcge, Montagen, Demontagen, Entsorgung und vieles mehr.<\/li>\n<\/ul><\/div>\n","protected":false},"excerpt":{"rendered":"","protected":false},"author":3,"featured_media":0,"parent":0,"menu_order":6,"comment_status":"closed","ping_status":"closed","template":"","meta":{"footnotes":""},"class_list":["post-134","page","type-page","status-publish","hentry"],"_links":{"self":[{"href":"https:\/\/roekoprax.net\/roekotech\/wp-json\/wp\/v2\/pages\/134","targetHints":{"allow":["GET"]}}],"collection":[{"href":"https:\/\/roekoprax.net\/roekotech\/wp-json\/wp\/v2\/pages"}],"about":[{"href":"https:\/\/roekoprax.net\/roekotech\/wp-json\/wp\/v2\/types\/page"}],"author":[{"embeddable":true,"href":"https:\/\/roekoprax.net\/roekotech\/wp-json\/wp\/v2\/users\/3"}],"replies":[{"embeddable":true,"href":"https:\/\/roekoprax.net\/roekotech\/wp-json\/wp\/v2\/comments?post=134"}],"version-history":[{"count":16,"href":"https:\/\/roekoprax.net\/roekotech\/wp-json\/wp\/v2\/pages\/134\/revisions"}],"predecessor-version":[{"id":294,"href":"https:\/\/roekoprax.net\/roekotech\/wp-json\/wp\/v2\/pages\/134\/revisions\/294"}],"wp:attachment":[{"href":"https:\/\/roekoprax.net\/roekotech\/wp-json\/wp\/v2\/media?parent=134"}],"curies":[{"name":"wp","href":"https:\/\/api.w.org\/{rel}","templated":true}]}}