{"id":130,"date":"2014-12-16T15:42:07","date_gmt":"2014-12-16T13:42:07","guid":{"rendered":"http:\/\/roekoprax.net\/roekotech\/?page_id=130"},"modified":"2016-02-08T16:19:48","modified_gmt":"2016-02-08T14:19:48","slug":"wir-ueber-uns","status":"publish","type":"page","link":"https:\/\/roekoprax.net\/roekotech\/wir-ueber-uns","title":{"rendered":"Wir \u00fcber uns"},"content":{"rendered":"<div class='content-column haelfte'><p>Die R\u00f6KoTech GmbH wurde im Januar 2014 als eigenst\u00e4ndiges Unternehmen f\u00fcr die Ausgliederung der radiologisch technischen Aufgaben der R\u00f6KoPrax GmbH gegr\u00fcndet.<\/p>\n<p>Dieser Schritt wurde vollzogen, um den sich st\u00e4ndig \u00e4ndernden gesetzlichen und technischen Gegebenheiten im Bereich der bildgebenden Verfahren und des Patienten- und Datenmanagement gerecht zu werden. Mit dem Ziel  auch in Zukunft in gewohnter Weise effizient und zeitnah auf die Anforderungen unserer Kunden reagieren zu k\u00f6nnen.<\/p>\n<p>Unser Leistungsspektrum umfasst alle Bereiche in der Radiologie. Von DR Installationen und RIS PACS L\u00f6sungen \u00fcber Servicet\u00e4tigkeit in der R\u00f6ntgen-, Anlagentechnik bis hin zu Bauplanungen und Baubetreuung bei Gro\u00dfger\u00e4ten in ihrer Praxis.<\/p>\n<p>Das Team der R\u00f6KoTech besteht aus langj\u00e4hrig erfahrenen Mitarbeitern aus den Bereichen Medizintechnik und Projektmanagement.<\/p><\/div>\n<div class='content-column haelfte'><p>Unsere Mitarbeiter beraten Sie kompetent bei der Auswahl von medizinischen Ger\u00e4ten, die im Rahmen der radiologischen Diagnostik eingesetzt werden.<\/p>\n<h2>Wir \u00fcbernehmen Aufgaben<\/h2>\n<ul>\n<li><strong>ZEITNAH<\/strong> durch enge Kontakte in die Industrie<\/li>\n<li><strong>UNABH\u00c4NGIG<\/strong> wir beraten nach Markt\u00fcbersicht, Sie entscheiden<\/li>\n<li><strong>EFFIZIENT<\/strong> da l\u00f6sungs- und kundenorientiert, partnerschaftlich<\/li>\n<\/ul>\n<p>Durch eine enge Zusammenarbeit mit den Mitarbeitern der R\u00f6KoPrax GmbH sind wir stets als Ansprechpartner in Ihrer N\u00e4he, Unser Ziel ist es, mit Ihnen partnerschaftlich und vertrauensvoll zusammen zu arbeiten und Sie neben der Beratung und ggf. Installation auch \u00fcber den gesamten Lebenszyklus der eingesetzten Produkte zu begleiten.<\/p>\n<p><strong>Eine optimale L\u00f6sung f\u00fcr die technischen Herausforderungen in Ihrer Praxis ist unsere Motivation.<\/strong><\/p><\/div>\n","protected":false},"excerpt":{"rendered":"","protected":false},"author":3,"featured_media":0,"parent":0,"menu_order":3,"comment_status":"closed","ping_status":"closed","template":"","meta":{"footnotes":""},"class_list":["post-130","page","type-page","status-publish","hentry"],"_links":{"self":[{"href":"https:\/\/roekoprax.net\/roekotech\/wp-json\/wp\/v2\/pages\/130","targetHints":{"allow":["GET"]}}],"collection":[{"href":"https:\/\/roekoprax.net\/roekotech\/wp-json\/wp\/v2\/pages"}],"about":[{"href":"https:\/\/roekoprax.net\/roekotech\/wp-json\/wp\/v2\/types\/page"}],"author":[{"embeddable":true,"href":"https:\/\/roekoprax.net\/roekotech\/wp-json\/wp\/v2\/users\/3"}],"replies":[{"embeddable":true,"href":"https:\/\/roekoprax.net\/roekotech\/wp-json\/wp\/v2\/comments?post=130"}],"version-history":[{"count":16,"href":"https:\/\/roekoprax.net\/roekotech\/wp-json\/wp\/v2\/pages\/130\/revisions"}],"predecessor-version":[{"id":283,"href":"https:\/\/roekoprax.net\/roekotech\/wp-json\/wp\/v2\/pages\/130\/revisions\/283"}],"wp:attachment":[{"href":"https:\/\/roekoprax.net\/roekotech\/wp-json\/wp\/v2\/media?parent=130"}],"curies":[{"name":"wp","href":"https:\/\/api.w.org\/{rel}","templated":true}]}}