{"id":1,"date":"2014-09-19T15:10:24","date_gmt":"2014-09-19T13:10:24","guid":{"rendered":"http:\/\/roekoprax.net\/roekotech\/?page_id=1"},"modified":"2019-12-12T12:45:07","modified_gmt":"2019-12-12T10:45:07","slug":"startseite","status":"publish","type":"page","link":"https:\/\/roekoprax.net\/roekotech\/startseite","title":{"rendered":""},"content":{"rendered":"<div class='content-column volle_breite'><div class=\"image-container row\">\n<div class=\"col-sm-4\"><a href=\"http:\/\/roekoprax.net\/roekotech\/leistungsspektrum\"><img loading=\"lazy\" decoding=\"async\" class=\"circle alignnone wp-image-152 size-thumbnail\" src=\"http:\/\/roekoprax.net\/roekotech\/wp-content\/uploads\/leistungsspektrum.jpg\" alt=\"img-001\" width=\"250\" height=\"250\" \/><b>Leistungsspektrum<\/b><\/a><\/div>\n<div class=\"col-sm-4\"><a href=\"http:\/\/roekoprax.net\/roekotech\/news-termine\"><img loading=\"lazy\" decoding=\"async\" class=\"circle alignnone wp-image-153 size-thumbnail\" src=\"http:\/\/roekoprax.net\/roekotech\/wp-content\/uploads\/news-termine.jpg\" alt=\"img-002\" width=\"250\" height=\"250\" \/><b>News &amp; Termine<\/b><\/a><\/div>\n<div class=\"col-sm-4\"><a href=\"http:\/\/roekoprax.net\/roekoprax\/startseite\"><img loading=\"lazy\" decoding=\"async\" class=\"circle alignnone wp-image-155 size-thumbnail\" src=\"http:\/\/roekoprax.net\/roekoprax\/wp-content\/uploads\/img-003-250x250.jpg\" alt=\"img-003\" width=\"250\" height=\"250\" \/><b>R\u00f6KoPrax<\/b><\/a><\/div>\n<\/div><\/div>\n<div class='content-column volle_breite'><h1 class=\"page-title text-center\" style=\"padding: 0px;\">Herzlich Willkommen bei der R\u00f6KoTech GmbH<\/h1><\/div>\n<div class='content-column haelfte'><p>Als unabh\u00e4ngiger Systemdienstleister im Fachbereich radiologisch t\u00e4tiger \u00c4rzte, m\u00f6chten wir Ihnen auf den folgenden Seiten einen \u00dcberblick in unser <a title=\"Erfahren Sie mehr \u00fcber unser Leistungsspektrum\" href=\"http:\/\/roekoprax.net\/roekotech\/leistungsspektrum\">Leistungsspektrum<\/a> in der Radiologie geben. Erfahren Sie mehr <a title=\"Erfahren Sie mehr \u00fcber uns\" href=\"http:\/\/roekoprax.net\/roekotech\/wir-ueber-uns\">\u00fcber uns<\/a> und unsere Ideen zur Umsetzung ihrer technischen Anforderungen.<\/p><\/div>\n<div class='content-column haelfte'><p>Ein wichtiger Baustein f\u00fcr unser Unternehmen sind unsere <a title=\"Erfahren Sie mehr \u00fcber unsere Systempartner\" href=\"http:\/\/roekoprax.net\/roekotech\/systempartner\">Systempartner<\/a>. Profitieren Sie von unserem Netzwerk. Unsere <a title=\"Erfahren Sie mehr \u00fcber unsere Mitarbeiter\" href=\"http:\/\/roekoprax.net\/roekotech\/ansprechpartner\">Mitarbeiter<\/a> stellen sich jederzeit den radiologisch-technischen Herausforderung in Ihrer Praxis, fordern Sie uns an.<\/p><\/div>\n","protected":false},"excerpt":{"rendered":"","protected":false},"author":3,"featured_media":0,"parent":0,"menu_order":2,"comment_status":"open","ping_status":"closed","template":"","meta":{"footnotes":""},"class_list":["post-1","page","type-page","status-publish","hentry"],"_links":{"self":[{"href":"https:\/\/roekoprax.net\/roekotech\/wp-json\/wp\/v2\/pages\/1","targetHints":{"allow":["GET"]}}],"collection":[{"href":"https:\/\/roekoprax.net\/roekotech\/wp-json\/wp\/v2\/pages"}],"about":[{"href":"https:\/\/roekoprax.net\/roekotech\/wp-json\/wp\/v2\/types\/page"}],"author":[{"embeddable":true,"href":"https:\/\/roekoprax.net\/roekotech\/wp-json\/wp\/v2\/users\/3"}],"replies":[{"embeddable":true,"href":"https:\/\/roekoprax.net\/roekotech\/wp-json\/wp\/v2\/comments?post=1"}],"version-history":[{"count":40,"href":"https:\/\/roekoprax.net\/roekotech\/wp-json\/wp\/v2\/pages\/1\/revisions"}],"predecessor-version":[{"id":355,"href":"https:\/\/roekoprax.net\/roekotech\/wp-json\/wp\/v2\/pages\/1\/revisions\/355"}],"wp:attachment":[{"href":"https:\/\/roekoprax.net\/roekotech\/wp-json\/wp\/v2\/media?parent=1"}],"curies":[{"name":"wp","href":"https:\/\/api.w.org\/{rel}","templated":true}]}}